{"id":9,"date":"2022-11-02T11:39:11","date_gmt":"2022-11-02T11:39:11","guid":{"rendered":"https:\/\/lasororite.club\/?page_id=9"},"modified":"2025-11-26T14:15:11","modified_gmt":"2025-11-26T14:15:11","slug":"accueil","status":"publish","type":"page","link":"https:\/\/lasororite.club\/","title":{"rendered":"Accueil"},"content":{"rendered":"<p><img fetchpriority=\"high\" decoding=\"async\" width=\"1024\" height=\"642\" src=\"http:\/\/lasororite.club\/wp-content\/uploads\/2023\/04\/Transparent-Logo-1024x642.png\" alt=\"Logo la sororit\u00e9\" srcset=\"https:\/\/lasororite.club\/wp-content\/uploads\/2023\/04\/Transparent-Logo-1024x642.png 1024w, https:\/\/lasororite.club\/wp-content\/uploads\/2023\/04\/Transparent-Logo-300x188.png 300w, https:\/\/lasororite.club\/wp-content\/uploads\/2023\/04\/Transparent-Logo-768x482.png 768w, https:\/\/lasororite.club\/wp-content\/uploads\/2023\/04\/Transparent-Logo-1536x963.png 1536w, https:\/\/lasororite.club\/wp-content\/uploads\/2023\/04\/Transparent-Logo.png 1721w\" sizes=\"(max-width: 1024px) 100vw, 1024px\" \/><br \/>\n\t\t\t\t\t\t\t\t\t\t\t\t\t<img decoding=\"async\" width=\"1024\" height=\"683\" data-src=\"http:\/\/lasororite.club\/wp-content\/uploads\/2023\/11\/Sororite-180-1024x683.jpg\" alt=\"Membres de la sororit\u00e9\" data-srcset=\"https:\/\/lasororite.club\/wp-content\/uploads\/2023\/11\/Sororite-180-1024x683.jpg 1024w, https:\/\/lasororite.club\/wp-content\/uploads\/2023\/11\/Sororite-180-300x200.jpg 300w, https:\/\/lasororite.club\/wp-content\/uploads\/2023\/11\/Sororite-180-768x512.jpg 768w, https:\/\/lasororite.club\/wp-content\/uploads\/2023\/11\/Sororite-180-1536x1024.jpg 1536w, https:\/\/lasororite.club\/wp-content\/uploads\/2023\/11\/Sororite-180-2048x1366.jpg 2048w\" data-sizes=\"(max-width: 1024px) 100vw, 1024px\" src=\"data:image\/svg+xml;base64,PHN2ZyB3aWR0aD0iMSIgaGVpZ2h0PSIxIiB4bWxucz0iaHR0cDovL3d3dy53My5vcmcvMjAwMC9zdmciPjwvc3ZnPg==\" class=\"lazyload\" style=\"--smush-placeholder-width: 1024px; --smush-placeholder-aspect-ratio: 1024\/683;\" \/><br \/>\n\t\t\t\t\t<a href=\"https:\/\/www.facebook.com\/ClubLaSororite\/\" target=\"_blank\"><br \/>\n\t\t\t\t\t\tFacebook<br \/>\n\t\t\t\t\t\t\t\t\t\t\t<\/a><br \/>\n\t\t\t\t\t<a href=\"https:\/\/twitter.com\/club_lasororite\" target=\"_blank\"><br \/>\n\t\t\t\t\t\tTwitter<br \/>\n\t\t\t\t\t\t\t\t\t\t\t<\/a><br \/>\n\t\t\t\t\t<a href=\"https:\/\/www.linkedin.com\/company\/club-la-sororit%C3%A9\/?originalSubdomain=sn\" target=\"_blank\"><br \/>\n\t\t\t\t\t\tLinkedin<br \/>\n\t\t\t\t\t\t\t\t\t\t\t<\/a><br \/>\n\t\t\t\t\t<a href=\"https:\/\/www.instagram.com\/club.lasororite\/\" target=\"_blank\"><br \/>\n\t\t\t\t\t\tInstagram<br \/>\n\t\t\t\t\t\t\t\t\t\t\t<\/a><br \/>\n\t\t\t\t\t\t\t\t\t\t\t\t\t<img fetchpriority=\"high\" decoding=\"async\" width=\"1024\" height=\"642\" src=\"http:\/\/lasororite.club\/wp-content\/uploads\/2023\/04\/Transparent-Logo-1024x642.png\" alt=\"Logo la sororit\u00e9\" srcset=\"https:\/\/lasororite.club\/wp-content\/uploads\/2023\/04\/Transparent-Logo-1024x642.png 1024w, https:\/\/lasororite.club\/wp-content\/uploads\/2023\/04\/Transparent-Logo-300x188.png 300w, https:\/\/lasororite.club\/wp-content\/uploads\/2023\/04\/Transparent-Logo-768x482.png 768w, https:\/\/lasororite.club\/wp-content\/uploads\/2023\/04\/Transparent-Logo-1536x963.png 1536w, https:\/\/lasororite.club\/wp-content\/uploads\/2023\/04\/Transparent-Logo.png 1721w\" sizes=\"(max-width: 1024px) 100vw, 1024px\" \/><br \/>\n\t\t\t\t\t<a href=\"https:\/\/www.facebook.com\/ClubLaSororite\/\" target=\"_blank\"><br \/>\n\t\t\t\t\t\tFacebook<br \/>\n\t\t\t\t\t\t\t\t\t\t\t<\/a><br \/>\n\t\t\t\t\t<a href=\"https:\/\/twitter.com\/club_lasororite\" target=\"_blank\"><br \/>\n\t\t\t\t\t\tTwitter<br \/>\n\t\t\t\t\t\t\t\t\t\t\t<\/a><br \/>\n\t\t\t\t\t<a href=\"https:\/\/www.linkedin.com\/company\/club-la-sororit%C3%A9\/?originalSubdomain=sn\" target=\"_blank\"><br \/>\n\t\t\t\t\t\tLinkedin<br \/>\n\t\t\t\t\t\t\t\t\t\t\t<\/a><br \/>\n\t\t\t\t\t<a href=\"https:\/\/www.instagram.com\/club.lasororite\/\" target=\"_blank\"><br \/>\n\t\t\t\t\t\tInstagram<br \/>\n\t\t\t\t\t\t\t\t\t\t\t<\/a><br \/>\n\t\t\t\t\t\t\t\t\t\t\t\t\t<img decoding=\"async\" width=\"1024\" height=\"683\" data-src=\"http:\/\/lasororite.club\/wp-content\/uploads\/2023\/11\/Sororite-180-1024x683.jpg\" alt=\"Membres de la sororit\u00e9\" data-srcset=\"https:\/\/lasororite.club\/wp-content\/uploads\/2023\/11\/Sororite-180-1024x683.jpg 1024w, https:\/\/lasororite.club\/wp-content\/uploads\/2023\/11\/Sororite-180-300x200.jpg 300w, https:\/\/lasororite.club\/wp-content\/uploads\/2023\/11\/Sororite-180-768x512.jpg 768w, https:\/\/lasororite.club\/wp-content\/uploads\/2023\/11\/Sororite-180-1536x1024.jpg 1536w, https:\/\/lasororite.club\/wp-content\/uploads\/2023\/11\/Sororite-180-2048x1366.jpg 2048w\" data-sizes=\"(max-width: 1024px) 100vw, 1024px\" src=\"data:image\/svg+xml;base64,PHN2ZyB3aWR0aD0iMSIgaGVpZ2h0PSIxIiB4bWxucz0iaHR0cDovL3d3dy53My5vcmcvMjAwMC9zdmciPjwvc3ZnPg==\" class=\"lazyload\" style=\"--smush-placeholder-width: 1024px; --smush-placeholder-aspect-ratio: 1024\/683;\" \/>\t\t\t\t\t\t\t\t\t\t\t\t\t<\/p>\n<p>Qui sommes-nous?<\/p>\n<h3>Le club des entrepreneuses dakaroises<\/h3>\n<p>\t\t\t\t\t\t\t\t\t\t\t\t\t<img decoding=\"async\" width=\"1024\" height=\"1024\" data-src=\"http:\/\/lasororite.club\/wp-content\/uploads\/2024\/03\/Design-sans-titre-1024x1024.png\" alt=\"qui sommes-nous?\" data-srcset=\"https:\/\/lasororite.club\/wp-content\/uploads\/2024\/03\/Design-sans-titre-1024x1024.png 1024w, https:\/\/lasororite.club\/wp-content\/uploads\/2024\/03\/Design-sans-titre-300x300.png 300w, https:\/\/lasororite.club\/wp-content\/uploads\/2024\/03\/Design-sans-titre-150x150.png 150w, https:\/\/lasororite.club\/wp-content\/uploads\/2024\/03\/Design-sans-titre-768x768.png 768w, https:\/\/lasororite.club\/wp-content\/uploads\/2024\/03\/Design-sans-titre-600x600.png 600w, https:\/\/lasororite.club\/wp-content\/uploads\/2024\/03\/Design-sans-titre.png 1080w\" data-sizes=\"(max-width: 1024px) 100vw, 1024px\" src=\"data:image\/svg+xml;base64,PHN2ZyB3aWR0aD0iMSIgaGVpZ2h0PSIxIiB4bWxucz0iaHR0cDovL3d3dy53My5vcmcvMjAwMC9zdmciPjwvc3ZnPg==\" class=\"lazyload\" style=\"--smush-placeholder-width: 1024px; --smush-placeholder-aspect-ratio: 1024\/1024;\" \/>\t\t\t\t\t\t\t\t\t\t\t\t\t<\/p>\n<p>Le club La Sororit\u00e9, c&#8217;est avant tout des valeurs. La bienveillance, le partage, la confiance, l\u2019authenticit\u00e9, l\u2019engagement. <\/p>\n<p>Nous proposons une formule hybride, qui comprend des \u00e9v\u00e8nements en pr\u00e9sentiel, \u00e0 distance et des interactions tr\u00e8s r\u00e9guli\u00e8res entre nos membres. <\/p>\n<p>Nous envisageons aussi de mettre \u00e0 l\u2019honneur nos membres tour \u00e0 tour ou d\u2019autres femmes inspirantes, pour nous parler de leurs parcours lors d\u2019afterworks &#8230;<\/p>\n<p>\t\t\t<a href=\"https:\/\/lasororite.club\/?page_id=12\"><br \/>\n\t\t\t\t\t\t\t\t\tVoir plus<br \/>\n\t\t\t\t\t<\/a><br \/>\n\t\t\t\t\t\t\t\t\t\t\t\t\t<img decoding=\"async\" width=\"1024\" height=\"1024\" data-src=\"http:\/\/lasororite.club\/wp-content\/uploads\/2024\/03\/Design-sans-titre-1024x1024.png\" alt=\"qui sommes-nous?\" data-srcset=\"https:\/\/lasororite.club\/wp-content\/uploads\/2024\/03\/Design-sans-titre-1024x1024.png 1024w, https:\/\/lasororite.club\/wp-content\/uploads\/2024\/03\/Design-sans-titre-300x300.png 300w, https:\/\/lasororite.club\/wp-content\/uploads\/2024\/03\/Design-sans-titre-150x150.png 150w, https:\/\/lasororite.club\/wp-content\/uploads\/2024\/03\/Design-sans-titre-768x768.png 768w, https:\/\/lasororite.club\/wp-content\/uploads\/2024\/03\/Design-sans-titre-600x600.png 600w, https:\/\/lasororite.club\/wp-content\/uploads\/2024\/03\/Design-sans-titre.png 1080w\" data-sizes=\"(max-width: 1024px) 100vw, 1024px\" src=\"data:image\/svg+xml;base64,PHN2ZyB3aWR0aD0iMSIgaGVpZ2h0PSIxIiB4bWxucz0iaHR0cDovL3d3dy53My5vcmcvMjAwMC9zdmciPjwvc3ZnPg==\" class=\"lazyload\" style=\"--smush-placeholder-width: 1024px; --smush-placeholder-aspect-ratio: 1024\/1024;\" \/>\t\t\t\t\t\t\t\t\t\t\t\t\t<\/p>\n<p>Qui sommes-nous?<\/p>\n<h3>Le club des entrepreneuses dakaroises<\/h3>\n<p>Le club La Sororit\u00e9, c&#8217;est avant tout des valeurs. La bienveillance, le partage, la confiance, l\u2019authenticit\u00e9, l\u2019engagement. <\/p>\n<p>Nous proposons une formule hybride, qui comprend des \u00e9v\u00e8nements en pr\u00e9sentiel, \u00e0 distance et des interactions tr\u00e8s r\u00e9guli\u00e8res entre nos membres. <\/p>\n<p>Nous envisageons aussi de mettre \u00e0 l\u2019honneur nos membres tour \u00e0 tour ou d\u2019autres femmes inspirantes, pour nous parler de leurs parcours lors d\u2019afterworks &#8230;<\/p>\n<p>\t\t\t<a href=\"https:\/\/lasororite.club\/?page_id=12\"><br \/>\n\t\t\t\t\t\t\t\t\tVoir plus<br \/>\n\t\t\t\t\t<\/a><\/p>\n<h2>Nos Partenaires<\/h2>\n<figure><img decoding=\"async\" data-src=\"http:\/\/lasororite.club\/wp-content\/uploads\/2023\/05\/Logo_CGAS-removebg-preview-150x150.png\" alt=\"Logo CGAS\" src=\"data:image\/svg+xml;base64,PHN2ZyB3aWR0aD0iMSIgaGVpZ2h0PSIxIiB4bWxucz0iaHR0cDovL3d3dy53My5vcmcvMjAwMC9zdmciPjwvc3ZnPg==\" class=\"lazyload\" style=\"--smush-placeholder-width: 150px; --smush-placeholder-aspect-ratio: 150\/150;\" \/><\/figure>\n<figure><img decoding=\"async\" data-src=\"http:\/\/lasororite.club\/wp-content\/uploads\/2023\/05\/Logo_Sen_StartUp-removebg-preview-150x150.png\" alt=\"Logo Sen Stratup\" src=\"data:image\/svg+xml;base64,PHN2ZyB3aWR0aD0iMSIgaGVpZ2h0PSIxIiB4bWxucz0iaHR0cDovL3d3dy53My5vcmcvMjAwMC9zdmciPjwvc3ZnPg==\" class=\"lazyload\" style=\"--smush-placeholder-width: 150px; --smush-placeholder-aspect-ratio: 150\/150;\" \/><\/figure>\n<figure><img decoding=\"async\" data-src=\"http:\/\/lasororite.club\/wp-content\/uploads\/2023\/05\/Logo_espace_Way_Point-removebg-preview-150x150.png\" alt=\"Logo Waypoint\" src=\"data:image\/svg+xml;base64,PHN2ZyB3aWR0aD0iMSIgaGVpZ2h0PSIxIiB4bWxucz0iaHR0cDovL3d3dy53My5vcmcvMjAwMC9zdmciPjwvc3ZnPg==\" class=\"lazyload\" style=\"--smush-placeholder-width: 150px; --smush-placeholder-aspect-ratio: 150\/150;\" \/><\/figure>\n<figure><img decoding=\"async\" data-src=\"http:\/\/lasororite.club\/wp-content\/uploads\/2023\/05\/allianz-logo-2-150x150.png\" alt=\"Logo Allianz\" src=\"data:image\/svg+xml;base64,PHN2ZyB3aWR0aD0iMSIgaGVpZ2h0PSIxIiB4bWxucz0iaHR0cDovL3d3dy53My5vcmcvMjAwMC9zdmciPjwvc3ZnPg==\" class=\"lazyload\" style=\"--smush-placeholder-width: 150px; --smush-placeholder-aspect-ratio: 150\/150;\" \/><\/figure>\n<h2>Actualit\u00e9s du club<\/h2>\n","protected":false},"excerpt":{"rendered":"<p>Facebook Twitter Linkedin Instagram Facebook Twitter Linkedin Instagram Qui sommes-nous? Le club des entrepreneuses dakaroises Le club La Sororit\u00e9, c&#8217;est avant tout des valeurs. La bienveillance, le partage, la confiance, [&hellip;]<\/p>\n","protected":false},"author":1,"featured_media":0,"parent":0,"menu_order":0,"comment_status":"closed","ping_status":"closed","template":"","meta":{"ocean_post_layout":"full-screen","ocean_both_sidebars_style":"","ocean_both_sidebars_content_width":0,"ocean_both_sidebars_sidebars_width":0,"ocean_sidebar":"0","ocean_second_sidebar":"0","ocean_disable_margins":"enable","ocean_add_body_class":"","ocean_shortcode_before_top_bar":"","ocean_shortcode_after_top_bar":"","ocean_shortcode_before_header":"","ocean_shortcode_after_header":"","ocean_has_shortcode":"","ocean_shortcode_after_title":"","ocean_shortcode_before_footer_widgets":"","ocean_shortcode_after_footer_widgets":"","ocean_shortcode_before_footer_bottom":"","ocean_shortcode_after_footer_bottom":"","ocean_display_top_bar":"off","ocean_display_header":"default","ocean_header_style":"","ocean_center_header_left_menu":"0","ocean_custom_header_template":"0","ocean_custom_logo":0,"ocean_custom_retina_logo":0,"ocean_custom_logo_max_width":0,"ocean_custom_logo_tablet_max_width":0,"ocean_custom_logo_mobile_max_width":0,"ocean_custom_logo_max_height":0,"ocean_custom_logo_tablet_max_height":0,"ocean_custom_logo_mobile_max_height":0,"ocean_header_custom_menu":"0","ocean_menu_typo_font_family":"0","ocean_menu_typo_font_subset":"","ocean_menu_typo_font_size":0,"ocean_menu_typo_font_size_tablet":0,"ocean_menu_typo_font_size_mobile":0,"ocean_menu_typo_font_size_unit":"px","ocean_menu_typo_font_weight":"","ocean_menu_typo_font_weight_tablet":"","ocean_menu_typo_font_weight_mobile":"","ocean_menu_typo_transform":"","ocean_menu_typo_transform_tablet":"","ocean_menu_typo_transform_mobile":"","ocean_menu_typo_line_height":0,"ocean_menu_typo_line_height_tablet":0,"ocean_menu_typo_line_height_mobile":0,"ocean_menu_typo_line_height_unit":"","ocean_menu_typo_spacing":0,"ocean_menu_typo_spacing_tablet":0,"ocean_menu_typo_spacing_mobile":0,"ocean_menu_typo_spacing_unit":"","ocean_menu_link_color":"","ocean_menu_link_color_hover":"","ocean_menu_link_color_active":"","ocean_menu_link_background":"","ocean_menu_link_hover_background":"","ocean_menu_link_active_background":"","ocean_menu_social_links_bg":"","ocean_menu_social_hover_links_bg":"","ocean_menu_social_links_color":"","ocean_menu_social_hover_links_color":"","ocean_disable_title":"on","ocean_disable_heading":"default","ocean_post_title":"","ocean_post_subheading":"","ocean_post_title_style":"","ocean_post_title_background_color":"","ocean_post_title_background":0,"ocean_post_title_bg_image_position":"","ocean_post_title_bg_image_attachment":"","ocean_post_title_bg_image_repeat":"","ocean_post_title_bg_image_size":"","ocean_post_title_height":0,"ocean_post_title_bg_overlay":0.5,"ocean_post_title_bg_overlay_color":"","ocean_disable_breadcrumbs":"default","ocean_breadcrumbs_color":"","ocean_breadcrumbs_separator_color":"","ocean_breadcrumbs_links_color":"","ocean_breadcrumbs_links_hover_color":"","ocean_display_footer_widgets":"default","ocean_display_footer_bottom":"default","ocean_custom_footer_template":"0","footnotes":""},"class_list":["post-9","page","type-page","status-publish","hentry","entry"],"yoast_head":"<!-- This site is optimized with the Yoast SEO plugin v26.7 - https:\/\/yoast.com\/wordpress\/plugins\/seo\/ -->\n<title>Accueil - La Sororit\u00e9<\/title>\n<meta name=\"description\" content=\"Le club La Sororit\u00e9, c\u2019est avant tout des valeurs. La bienveillance, le partage, la confiance, l\u2019authenticit\u00e9, l\u2019engagement.\" \/>\n<meta name=\"robots\" content=\"index, follow, max-snippet:-1, max-image-preview:large, max-video-preview:-1\" \/>\n<link rel=\"canonical\" href=\"https:\/\/lasororite.club\/\" \/>\n<meta property=\"og:locale\" content=\"fr_FR\" \/>\n<meta property=\"og:type\" content=\"article\" \/>\n<meta property=\"og:title\" content=\"Accueil - La Sororit\u00e9\" \/>\n<meta property=\"og:description\" content=\"Le club La Sororit\u00e9, c\u2019est avant tout des valeurs. La bienveillance, le partage, la confiance, l\u2019authenticit\u00e9, l\u2019engagement.\" \/>\n<meta property=\"og:url\" content=\"https:\/\/lasororite.club\/\" \/>\n<meta property=\"og:site_name\" content=\"La Sororit\u00e9\" \/>\n<meta property=\"article:publisher\" content=\"https:\/\/www.facebook.com\/ClubLaSororite\" \/>\n<meta property=\"article:modified_time\" content=\"2025-11-26T14:15:11+00:00\" \/>\n<meta property=\"og:image\" content=\"http:\/\/lasororite.club\/wp-content\/uploads\/2023\/04\/Transparent-Logo-1024x642.png\" \/>\n<meta name=\"twitter:card\" content=\"summary_large_image\" \/>\n<meta name=\"twitter:label1\" content=\"Dur\u00e9e de lecture estim\u00e9e\" \/>\n\t<meta name=\"twitter:data1\" content=\"3 minutes\" \/>\n<script type=\"application\/ld+json\" class=\"yoast-schema-graph\">{\"@context\":\"https:\/\/schema.org\",\"@graph\":[{\"@type\":\"WebPage\",\"@id\":\"https:\/\/lasororite.club\/\",\"url\":\"https:\/\/lasororite.club\/\",\"name\":\"Accueil - La Sororit\u00e9\",\"isPartOf\":{\"@id\":\"https:\/\/lasororite.club\/#website\"},\"primaryImageOfPage\":{\"@id\":\"https:\/\/lasororite.club\/#primaryimage\"},\"image\":{\"@id\":\"https:\/\/lasororite.club\/#primaryimage\"},\"thumbnailUrl\":\"http:\/\/lasororite.club\/wp-content\/uploads\/2023\/04\/Transparent-Logo-1024x642.png\",\"datePublished\":\"2022-11-02T11:39:11+00:00\",\"dateModified\":\"2025-11-26T14:15:11+00:00\",\"description\":\"Le club La Sororit\u00e9, c\u2019est avant tout des valeurs. La bienveillance, le partage, la confiance, l\u2019authenticit\u00e9, l\u2019engagement.\",\"breadcrumb\":{\"@id\":\"https:\/\/lasororite.club\/#breadcrumb\"},\"inLanguage\":\"fr-FR\",\"potentialAction\":[{\"@type\":\"ReadAction\",\"target\":[\"https:\/\/lasororite.club\/\"]}]},{\"@type\":\"ImageObject\",\"inLanguage\":\"fr-FR\",\"@id\":\"https:\/\/lasororite.club\/#primaryimage\",\"url\":\"http:\/\/lasororite.club\/wp-content\/uploads\/2023\/04\/Transparent-Logo-1024x642.png\",\"contentUrl\":\"http:\/\/lasororite.club\/wp-content\/uploads\/2023\/04\/Transparent-Logo-1024x642.png\"},{\"@type\":\"BreadcrumbList\",\"@id\":\"https:\/\/lasororite.club\/#breadcrumb\",\"itemListElement\":[{\"@type\":\"ListItem\",\"position\":1,\"name\":\"Accueil\",\"item\":\"https:\/\/lasororite.club\/\"},{\"@type\":\"ListItem\",\"position\":2,\"name\":\"Accueil\"}]},{\"@type\":\"WebSite\",\"@id\":\"https:\/\/lasororite.club\/#website\",\"url\":\"https:\/\/lasororite.club\/\",\"name\":\"lasororit\u00e9.club\",\"description\":\"\",\"publisher\":{\"@id\":\"https:\/\/lasororite.club\/#organization\"},\"potentialAction\":[{\"@type\":\"SearchAction\",\"target\":{\"@type\":\"EntryPoint\",\"urlTemplate\":\"https:\/\/lasororite.club\/?s={search_term_string}\"},\"query-input\":{\"@type\":\"PropertyValueSpecification\",\"valueRequired\":true,\"valueName\":\"search_term_string\"}}],\"inLanguage\":\"fr-FR\"},{\"@type\":\"Organization\",\"@id\":\"https:\/\/lasororite.club\/#organization\",\"name\":\"lasororit\u00e9.club\",\"url\":\"https:\/\/lasororite.club\/\",\"logo\":{\"@type\":\"ImageObject\",\"inLanguage\":\"fr-FR\",\"@id\":\"https:\/\/lasororite.club\/#\/schema\/logo\/image\/\",\"url\":\"https:\/\/lasororite.club\/wp-content\/uploads\/2023\/04\/Transparent-Logo.png\",\"contentUrl\":\"https:\/\/lasororite.club\/wp-content\/uploads\/2023\/04\/Transparent-Logo.png\",\"width\":1721,\"height\":1079,\"caption\":\"lasororit\u00e9.club\"},\"image\":{\"@id\":\"https:\/\/lasororite.club\/#\/schema\/logo\/image\/\"},\"sameAs\":[\"https:\/\/www.facebook.com\/ClubLaSororite\",\"https:\/\/www.instagram.com\/club.lasororite\/\",\"https:\/\/www.linkedin.com\/company\/club-la-sororit\/\"]}]}<\/script>\n<!-- \/ Yoast SEO plugin. -->","yoast_head_json":{"title":"Accueil - La Sororit\u00e9","description":"Le club La Sororit\u00e9, c\u2019est avant tout des valeurs. La bienveillance, le partage, la confiance, l\u2019authenticit\u00e9, l\u2019engagement.","robots":{"index":"index","follow":"follow","max-snippet":"max-snippet:-1","max-image-preview":"max-image-preview:large","max-video-preview":"max-video-preview:-1"},"canonical":"https:\/\/lasororite.club\/","og_locale":"fr_FR","og_type":"article","og_title":"Accueil - La Sororit\u00e9","og_description":"Le club La Sororit\u00e9, c\u2019est avant tout des valeurs. La bienveillance, le partage, la confiance, l\u2019authenticit\u00e9, l\u2019engagement.","og_url":"https:\/\/lasororite.club\/","og_site_name":"La Sororit\u00e9","article_publisher":"https:\/\/www.facebook.com\/ClubLaSororite","article_modified_time":"2025-11-26T14:15:11+00:00","og_image":[{"url":"http:\/\/lasororite.club\/wp-content\/uploads\/2023\/04\/Transparent-Logo-1024x642.png","type":"","width":"","height":""}],"twitter_card":"summary_large_image","twitter_misc":{"Dur\u00e9e de lecture estim\u00e9e":"3 minutes"},"schema":{"@context":"https:\/\/schema.org","@graph":[{"@type":"WebPage","@id":"https:\/\/lasororite.club\/","url":"https:\/\/lasororite.club\/","name":"Accueil - La Sororit\u00e9","isPartOf":{"@id":"https:\/\/lasororite.club\/#website"},"primaryImageOfPage":{"@id":"https:\/\/lasororite.club\/#primaryimage"},"image":{"@id":"https:\/\/lasororite.club\/#primaryimage"},"thumbnailUrl":"http:\/\/lasororite.club\/wp-content\/uploads\/2023\/04\/Transparent-Logo-1024x642.png","datePublished":"2022-11-02T11:39:11+00:00","dateModified":"2025-11-26T14:15:11+00:00","description":"Le club La Sororit\u00e9, c\u2019est avant tout des valeurs. La bienveillance, le partage, la confiance, l\u2019authenticit\u00e9, l\u2019engagement.","breadcrumb":{"@id":"https:\/\/lasororite.club\/#breadcrumb"},"inLanguage":"fr-FR","potentialAction":[{"@type":"ReadAction","target":["https:\/\/lasororite.club\/"]}]},{"@type":"ImageObject","inLanguage":"fr-FR","@id":"https:\/\/lasororite.club\/#primaryimage","url":"http:\/\/lasororite.club\/wp-content\/uploads\/2023\/04\/Transparent-Logo-1024x642.png","contentUrl":"http:\/\/lasororite.club\/wp-content\/uploads\/2023\/04\/Transparent-Logo-1024x642.png"},{"@type":"BreadcrumbList","@id":"https:\/\/lasororite.club\/#breadcrumb","itemListElement":[{"@type":"ListItem","position":1,"name":"Accueil","item":"https:\/\/lasororite.club\/"},{"@type":"ListItem","position":2,"name":"Accueil"}]},{"@type":"WebSite","@id":"https:\/\/lasororite.club\/#website","url":"https:\/\/lasororite.club\/","name":"lasororit\u00e9.club","description":"","publisher":{"@id":"https:\/\/lasororite.club\/#organization"},"potentialAction":[{"@type":"SearchAction","target":{"@type":"EntryPoint","urlTemplate":"https:\/\/lasororite.club\/?s={search_term_string}"},"query-input":{"@type":"PropertyValueSpecification","valueRequired":true,"valueName":"search_term_string"}}],"inLanguage":"fr-FR"},{"@type":"Organization","@id":"https:\/\/lasororite.club\/#organization","name":"lasororit\u00e9.club","url":"https:\/\/lasororite.club\/","logo":{"@type":"ImageObject","inLanguage":"fr-FR","@id":"https:\/\/lasororite.club\/#\/schema\/logo\/image\/","url":"https:\/\/lasororite.club\/wp-content\/uploads\/2023\/04\/Transparent-Logo.png","contentUrl":"https:\/\/lasororite.club\/wp-content\/uploads\/2023\/04\/Transparent-Logo.png","width":1721,"height":1079,"caption":"lasororit\u00e9.club"},"image":{"@id":"https:\/\/lasororite.club\/#\/schema\/logo\/image\/"},"sameAs":["https:\/\/www.facebook.com\/ClubLaSororite","https:\/\/www.instagram.com\/club.lasororite\/","https:\/\/www.linkedin.com\/company\/club-la-sororit\/"]}]}},"_links":{"self":[{"href":"https:\/\/lasororite.club\/index.php?rest_route=\/wp\/v2\/pages\/9","targetHints":{"allow":["GET"]}}],"collection":[{"href":"https:\/\/lasororite.club\/index.php?rest_route=\/wp\/v2\/pages"}],"about":[{"href":"https:\/\/lasororite.club\/index.php?rest_route=\/wp\/v2\/types\/page"}],"author":[{"embeddable":true,"href":"https:\/\/lasororite.club\/index.php?rest_route=\/wp\/v2\/users\/1"}],"replies":[{"embeddable":true,"href":"https:\/\/lasororite.club\/index.php?rest_route=%2Fwp%2Fv2%2Fcomments&post=9"}],"version-history":[{"count":358,"href":"https:\/\/lasororite.club\/index.php?rest_route=\/wp\/v2\/pages\/9\/revisions"}],"predecessor-version":[{"id":1739,"href":"https:\/\/lasororite.club\/index.php?rest_route=\/wp\/v2\/pages\/9\/revisions\/1739"}],"wp:attachment":[{"href":"https:\/\/lasororite.club\/index.php?rest_route=%2Fwp%2Fv2%2Fmedia&parent=9"}],"curies":[{"name":"wp","href":"https:\/\/api.w.org\/{rel}","templated":true}]}}